{"id":9751,"date":"2024-08-26T09:05:56","date_gmt":"2024-08-26T09:05:56","guid":{"rendered":"https:\/\/rilindja-gjelber.org\/?page_id=9751"},"modified":"2024-10-20T10:19:29","modified_gmt":"2024-10-20T10:19:29","slug":"kontakti","status":"publish","type":"page","link":"https:\/\/rilindja-gjelber.org\/en\/kontakti\/","title":{"rendered":"Kontakti"},"content":{"rendered":"\t\t<div data-elementor-type=\"wp-page\" data-elementor-id=\"9751\" class=\"elementor elementor-9751\" data-elementor-post-type=\"page\">\n\t\t\t\t<div class=\"elementor-element elementor-element-10569d26 e-flex e-con-boxed e-con e-parent\" data-id=\"10569d26\" data-element_type=\"container\" data-e-type=\"container\" data-settings=\"{&quot;background_background&quot;:&quot;classic&quot;}\">\n\t\t\t\t\t<div class=\"e-con-inner\">\n\t\t<div class=\"elementor-element elementor-element-5b038fa e-flex e-con-boxed e-con e-child\" data-id=\"5b038fa\" data-element_type=\"container\" data-e-type=\"container\" data-settings=\"{&quot;background_background&quot;:&quot;classic&quot;}\">\n\t\t\t\t\t<div class=\"e-con-inner\">\n\t\t<div class=\"elementor-element elementor-element-772c0a3f e-con-full e-flex e-con e-child\" data-id=\"772c0a3f\" data-element_type=\"container\" data-e-type=\"container\" data-settings=\"{&quot;background_background&quot;:&quot;classic&quot;}\">\n\t\t\t\t<\/div>\n\t\t<div class=\"elementor-element elementor-element-79cd520e e-con-full e-flex e-con e-child\" data-id=\"79cd520e\" data-element_type=\"container\" data-e-type=\"container\" data-settings=\"{&quot;background_background&quot;:&quot;classic&quot;}\">\n\t\t\t\t<div class=\"elementor-element elementor-element-295e728b elementor-invisible elementor-widget elementor-widget-heading\" data-id=\"295e728b\" data-element_type=\"widget\" data-e-type=\"widget\" data-settings=\"{&quot;_animation&quot;:&quot;fadeInUp&quot;}\" data-widget_type=\"heading.default\">\n\t\t\t\t\t<h1 class=\"elementor-heading-title elementor-size-default\">Bisedoni me ne<\/h1>\t\t\t\t<\/div>\n\t\t\t\t<div class=\"elementor-element elementor-element-649feca9 elementor-button-align-end elementor-tablet-button-align-end elementor-widget elementor-widget-form\" data-id=\"649feca9\" data-element_type=\"widget\" data-e-type=\"widget\" data-settings=\"{&quot;step_next_label&quot;:&quot;Next&quot;,&quot;step_previous_label&quot;:&quot;Previous&quot;,&quot;button_width&quot;:&quot;100&quot;,&quot;step_type&quot;:&quot;number_text&quot;,&quot;step_icon_shape&quot;:&quot;circle&quot;}\" data-widget_type=\"form.default\">\n\t\t\t\t\t\t\t<form class=\"elementor-form\" method=\"post\" name=\"Contact Form\" aria-label=\"Contact Form\">\n\t\t\t<input type=\"hidden\" name=\"post_id\" value=\"9751\"\/>\n\t\t\t<input type=\"hidden\" name=\"form_id\" value=\"649feca9\"\/>\n\t\t\t<input type=\"hidden\" name=\"referer_title\" value=\"Kontakti - Rilindja Gjelb\u00ebr\" \/>\n\n\t\t\t\t\t\t\t<input type=\"hidden\" name=\"queried_id\" value=\"9751\"\/>\n\t\t\t\n\t\t\t<div class=\"elementor-form-fields-wrapper elementor-labels-\">\n\t\t\t\t\t\t\t\t<div class=\"elementor-field-type-text elementor-field-group elementor-column elementor-field-group-name elementor-col-100 elementor-field-required\">\n\t\t\t\t\t\t\t\t\t\t\t\t<label for=\"form-field-name\" class=\"elementor-field-label elementor-screen-only\">\n\t\t\t\t\t\t\t\tEmri\t\t\t\t\t\t\t<\/label>\n\t\t\t\t\t\t\t\t\t\t\t\t\t\t<input size=\"1\" type=\"text\" name=\"form_fields[name]\" id=\"form-field-name\" class=\"elementor-field elementor-size-sm  elementor-field-textual\" placeholder=\"Emri\" required=\"required\">\n\t\t\t\t\t\t\t\t\t\t\t<\/div>\n\t\t\t\t\t\t\t\t<div class=\"elementor-field-type-email elementor-field-group elementor-column elementor-field-group-email elementor-col-100 elementor-field-required\">\n\t\t\t\t\t\t\t\t\t\t\t\t<label for=\"form-field-email\" class=\"elementor-field-label elementor-screen-only\">\n\t\t\t\t\t\t\t\tEmaili\t\t\t\t\t\t\t<\/label>\n\t\t\t\t\t\t\t\t\t\t\t\t\t\t<input size=\"1\" type=\"email\" name=\"form_fields[email]\" id=\"form-field-email\" class=\"elementor-field elementor-size-sm  elementor-field-textual\" placeholder=\"Emaili\" required=\"required\">\n\t\t\t\t\t\t\t\t\t\t\t<\/div>\n\t\t\t\t\t\t\t\t<div class=\"elementor-field-type-textarea elementor-field-group elementor-column elementor-field-group-message elementor-col-100 elementor-field-required\">\n\t\t\t\t\t\t\t\t\t\t\t\t<label for=\"form-field-message\" class=\"elementor-field-label elementor-screen-only\">\n\t\t\t\t\t\t\t\tMesazhi\t\t\t\t\t\t\t<\/label>\n\t\t\t\t\t\t<textarea class=\"elementor-field-textual elementor-field  elementor-size-sm\" name=\"form_fields[message]\" id=\"form-field-message\" rows=\"3\" placeholder=\"Mesazhi\" required=\"required\"><\/textarea>\t\t\t\t<\/div>\n\t\t\t\t\t\t\t\t<div class=\"elementor-field-group elementor-column elementor-field-type-submit elementor-col-100 e-form__buttons\">\n\t\t\t\t\t<button class=\"elementor-button elementor-size-sm\" type=\"submit\">\n\t\t\t\t\t\t<span class=\"elementor-button-content-wrapper\">\n\t\t\t\t\t\t\t\t\t\t\t\t\t\t\t\t\t\t\t\t\t\t<span class=\"elementor-button-text\">Send<\/span>\n\t\t\t\t\t\t\t\t\t\t\t\t\t<\/span>\n\t\t\t\t\t<\/button>\n\t\t\t\t<\/div>\n\t\t\t<\/div>\n\t\t<\/form>\n\t\t\t\t\t\t<\/div>\n\t\t\t\t<\/div>\n\t\t\t\t\t<\/div>\n\t\t\t\t<\/div>\n\t\t\t\t\t<\/div>\n\t\t\t\t<\/div>\n\t\t<div class=\"elementor-element elementor-element-23fe2706 e-con-full e-flex e-con e-parent\" data-id=\"23fe2706\" data-element_type=\"container\" data-e-type=\"container\">\n\t\t<div class=\"elementor-element elementor-element-b309c56 e-con-full e-flex e-con e-child\" data-id=\"b309c56\" data-element_type=\"container\" data-e-type=\"container\" data-settings=\"{&quot;background_background&quot;:&quot;classic&quot;}\">\n\t\t\t\t<div class=\"elementor-element elementor-element-33434209 elementor-widget__width-inherit elementor-widget elementor-widget-google_maps\" data-id=\"33434209\" data-element_type=\"widget\" data-e-type=\"widget\" data-widget_type=\"google_maps.default\">\n\t\t\t\t\t\t\t<div class=\"elementor-custom-embed\">\n\t\t\t<iframe loading=\"lazy\"\n\t\t\t\t\tsrc=\"https:\/\/maps.google.com\/maps?q=Aleksander%20Moisiu%20pn.%20Kati%201%20%28ndertesa%20e%20Asamblese%20Komunale%2C%20Pej%C3%AB%2030000&#038;t=m&#038;z=17&#038;output=embed&#038;iwloc=near\"\n\t\t\t\t\ttitle=\"Aleksander Moisiu pn. Kati 1 (ndertesa e Asamblese Komunale, Pej\u00eb 30000\"\n\t\t\t\t\taria-label=\"Aleksander Moisiu pn. Kati 1 (ndertesa e Asamblese Komunale, Pej\u00eb 30000\"\n\t\t\t><\/iframe>\n\t\t<\/div>\n\t\t\t\t\t\t<\/div>\n\t\t\t\t<\/div>\n\t\t<div class=\"elementor-element elementor-element-58400c51 e-flex e-con-boxed e-con e-child\" data-id=\"58400c51\" data-element_type=\"container\" data-e-type=\"container\">\n\t\t\t\t\t<div class=\"e-con-inner\">\n\t\t\t\t<div class=\"elementor-element elementor-element-6180c378 elementor-invisible elementor-widget elementor-widget-heading\" data-id=\"6180c378\" data-element_type=\"widget\" data-e-type=\"widget\" data-settings=\"{&quot;_animation&quot;:&quot;fadeInUp&quot;}\" data-widget_type=\"heading.default\">\n\t\t\t\t\t<h2 class=\"elementor-heading-title elementor-size-default\">Na vizitoni<\/h2>\t\t\t\t<\/div>\n\t\t<div class=\"elementor-element elementor-element-60ea5f0c e-con-full e-flex e-con e-child\" data-id=\"60ea5f0c\" data-element_type=\"container\" data-e-type=\"container\">\n\t\t\t\t<div class=\"elementor-element elementor-element-6312851 elementor-align-start elementor-icon-list--layout-traditional elementor-list-item-link-full_width elementor-widget elementor-widget-icon-list\" data-id=\"6312851\" data-element_type=\"widget\" data-e-type=\"widget\" data-widget_type=\"icon-list.default\">\n\t\t\t\t\t\t\t<ul class=\"elementor-icon-list-items\">\n\t\t\t\t\t\t\t<li class=\"elementor-icon-list-item\">\n\t\t\t\t\t\t\t\t\t\t<span class=\"elementor-icon-list-text\"><b>Address:<\/b> Aleksander Moisiu pn. Kati 1 (ndertesa e Asamblese Komunale, Pej\u00eb 30000<\/span>\n\t\t\t\t\t\t\t\t\t<\/li>\n\t\t\t\t\t\t\t\t<li class=\"elementor-icon-list-item\">\n\t\t\t\t\t\t\t\t\t\t<span class=\"elementor-icon-list-text\"><b>Hours:<\/b> Mon-Fri 9:00AM - 5:00PM<\/span>\n\t\t\t\t\t\t\t\t\t<\/li>\n\t\t\t\t\t\t\t\t<li class=\"elementor-icon-list-item\">\n\t\t\t\t\t\t\t\t\t\t<span class=\"elementor-icon-list-text\"><b>Phone:<\/b> +383 49 124 548<\/span>\n\t\t\t\t\t\t\t\t\t<\/li>\n\t\t\t\t\t\t\t\t<li class=\"elementor-icon-list-item\">\n\t\t\t\t\t\t\t\t\t\t<span class=\"elementor-icon-list-text\"><b>Email:<\/b> info@rilindja-gjelber.com<\/span>\n\t\t\t\t\t\t\t\t\t<\/li>\n\t\t\t\t\t\t<\/ul>\n\t\t\t\t\t\t<\/div>\n\t\t\t\t<\/div>\n\t\t\t\t\t<\/div>\n\t\t\t\t<\/div>\n\t\t\t\t<\/div>\n\t\t\t\t<\/div>\n\t\t","protected":false},"excerpt":{"rendered":"<p>Bisedoni me ne Na vizitoni Address: Aleksander Moisiu pn. Kati 1 (ndertesa e Asamblese Komunale, Pej\u00eb 30000 Hours: Mon-Fri 9:00AM &#8211; 5:00PM Phone: +383 49 124 548 Email: info@rilindja-gjelber.com<\/p>","protected":false},"author":1,"featured_media":0,"parent":0,"menu_order":0,"comment_status":"closed","ping_status":"closed","template":"","meta":{"_acf_changed":false,"give_campaign_id":0,"nf_dc_page":"","footnotes":""},"class_list":["post-9751","page","type-page","status-publish","hentry"],"acf":[],"yoast_head":"<!-- This site is optimized with the Yoast SEO plugin v27.4 - https:\/\/yoast.com\/product\/yoast-seo-wordpress\/ -->\n<title>Kontakti - Rilindja Gjelb\u00ebr<\/title>\n<meta name=\"robots\" content=\"index, follow, max-snippet:-1, max-image-preview:large, max-video-preview:-1\" \/>\n<link rel=\"canonical\" href=\"https:\/\/rilindja-gjelber.org\/en\/kontakti\/\" \/>\n<meta property=\"og:locale\" content=\"en_US\" \/>\n<meta property=\"og:type\" content=\"article\" \/>\n<meta property=\"og:title\" content=\"Kontakti - Rilindja Gjelb\u00ebr\" \/>\n<meta property=\"og:description\" content=\"Bisedoni me ne Na vizitoni Address: Aleksander Moisiu pn. Kati 1 (ndertesa e Asamblese Komunale, Pej\u00eb 30000 Hours: Mon-Fri 9:00AM &#8211; 5:00PM Phone: +383 49 124 548 Email: info@rilindja-gjelber.com\" \/>\n<meta property=\"og:url\" content=\"https:\/\/rilindja-gjelber.org\/en\/kontakti\/\" \/>\n<meta property=\"og:site_name\" content=\"Rilindja Gjelb\u00ebr\" \/>\n<meta property=\"article:modified_time\" content=\"2024-10-20T10:19:29+00:00\" \/>\n<meta name=\"twitter:card\" content=\"summary_large_image\" \/>\n<meta name=\"twitter:label1\" content=\"Est. reading time\" \/>\n\t<meta name=\"twitter:data1\" content=\"1 minute\" \/>\n<script type=\"application\/ld+json\" class=\"yoast-schema-graph\">{\"@context\":\"https:\\\/\\\/schema.org\",\"@graph\":[{\"@type\":\"WebPage\",\"@id\":\"https:\\\/\\\/rilindja-gjelber.org\\\/kontakti\\\/\",\"url\":\"https:\\\/\\\/rilindja-gjelber.org\\\/kontakti\\\/\",\"name\":\"Kontakti - Rilindja Gjelb\u00ebr\",\"isPartOf\":{\"@id\":\"https:\\\/\\\/rilindja-gjelber.org\\\/#website\"},\"datePublished\":\"2024-08-26T09:05:56+00:00\",\"dateModified\":\"2024-10-20T10:19:29+00:00\",\"breadcrumb\":{\"@id\":\"https:\\\/\\\/rilindja-gjelber.org\\\/kontakti\\\/#breadcrumb\"},\"inLanguage\":\"en-US\",\"potentialAction\":[{\"@type\":\"ReadAction\",\"target\":[\"https:\\\/\\\/rilindja-gjelber.org\\\/kontakti\\\/\"]}]},{\"@type\":\"BreadcrumbList\",\"@id\":\"https:\\\/\\\/rilindja-gjelber.org\\\/kontakti\\\/#breadcrumb\",\"itemListElement\":[{\"@type\":\"ListItem\",\"position\":1,\"name\":\"Home\",\"item\":\"https:\\\/\\\/rilindja-gjelber.org\\\/\"},{\"@type\":\"ListItem\",\"position\":2,\"name\":\"Kontakti\"}]},{\"@type\":\"WebSite\",\"@id\":\"https:\\\/\\\/rilindja-gjelber.org\\\/#website\",\"url\":\"https:\\\/\\\/rilindja-gjelber.org\\\/\",\"name\":\"Rilindja Gjelb\u00ebr\",\"description\":\"Organizat\u00eb me fokus n\u00eb komunitet dhe mjedis\",\"publisher\":{\"@id\":\"https:\\\/\\\/rilindja-gjelber.org\\\/#organization\"},\"potentialAction\":[{\"@type\":\"SearchAction\",\"target\":{\"@type\":\"EntryPoint\",\"urlTemplate\":\"https:\\\/\\\/rilindja-gjelber.org\\\/?s={search_term_string}\"},\"query-input\":{\"@type\":\"PropertyValueSpecification\",\"valueRequired\":true,\"valueName\":\"search_term_string\"}}],\"inLanguage\":\"en-US\"},{\"@type\":\"Organization\",\"@id\":\"https:\\\/\\\/rilindja-gjelber.org\\\/#organization\",\"name\":\"Rilindja Gjelb\u00ebr\",\"url\":\"https:\\\/\\\/rilindja-gjelber.org\\\/\",\"logo\":{\"@type\":\"ImageObject\",\"inLanguage\":\"en-US\",\"@id\":\"https:\\\/\\\/rilindja-gjelber.org\\\/#\\\/schema\\\/logo\\\/image\\\/\",\"url\":\"https:\\\/\\\/i0.wp.com\\\/rilindja-gjelber.org\\\/wp-content\\\/uploads\\\/2024\\\/08\\\/rilindja-gjelber-horizontal-icon%402x.webp?fit=1829%2C617&ssl=1\",\"contentUrl\":\"https:\\\/\\\/i0.wp.com\\\/rilindja-gjelber.org\\\/wp-content\\\/uploads\\\/2024\\\/08\\\/rilindja-gjelber-horizontal-icon%402x.webp?fit=1829%2C617&ssl=1\",\"width\":1829,\"height\":617,\"caption\":\"Rilindja Gjelb\u00ebr\"},\"image\":{\"@id\":\"https:\\\/\\\/rilindja-gjelber.org\\\/#\\\/schema\\\/logo\\\/image\\\/\"}}]}<\/script>\n<!-- \/ Yoast SEO plugin. -->","yoast_head_json":{"title":"Kontakti - Rilindja Gjelb\u00ebr","robots":{"index":"index","follow":"follow","max-snippet":"max-snippet:-1","max-image-preview":"max-image-preview:large","max-video-preview":"max-video-preview:-1"},"canonical":"https:\/\/rilindja-gjelber.org\/en\/kontakti\/","og_locale":"en_US","og_type":"article","og_title":"Kontakti - Rilindja Gjelb\u00ebr","og_description":"Bisedoni me ne Na vizitoni Address: Aleksander Moisiu pn. Kati 1 (ndertesa e Asamblese Komunale, Pej\u00eb 30000 Hours: Mon-Fri 9:00AM &#8211; 5:00PM Phone: +383 49 124 548 Email: info@rilindja-gjelber.com","og_url":"https:\/\/rilindja-gjelber.org\/en\/kontakti\/","og_site_name":"Rilindja Gjelb\u00ebr","article_modified_time":"2024-10-20T10:19:29+00:00","twitter_card":"summary_large_image","twitter_misc":{"Est. reading time":"1 minute"},"schema":{"@context":"https:\/\/schema.org","@graph":[{"@type":"WebPage","@id":"https:\/\/rilindja-gjelber.org\/kontakti\/","url":"https:\/\/rilindja-gjelber.org\/kontakti\/","name":"Kontakti - Rilindja Gjelb\u00ebr","isPartOf":{"@id":"https:\/\/rilindja-gjelber.org\/#website"},"datePublished":"2024-08-26T09:05:56+00:00","dateModified":"2024-10-20T10:19:29+00:00","breadcrumb":{"@id":"https:\/\/rilindja-gjelber.org\/kontakti\/#breadcrumb"},"inLanguage":"en-US","potentialAction":[{"@type":"ReadAction","target":["https:\/\/rilindja-gjelber.org\/kontakti\/"]}]},{"@type":"BreadcrumbList","@id":"https:\/\/rilindja-gjelber.org\/kontakti\/#breadcrumb","itemListElement":[{"@type":"ListItem","position":1,"name":"Home","item":"https:\/\/rilindja-gjelber.org\/"},{"@type":"ListItem","position":2,"name":"Kontakti"}]},{"@type":"WebSite","@id":"https:\/\/rilindja-gjelber.org\/#website","url":"https:\/\/rilindja-gjelber.org\/","name":"Rilindja Gjelb\u00ebr","description":"Organizat\u00eb me fokus n\u00eb komunitet dhe mjedis","publisher":{"@id":"https:\/\/rilindja-gjelber.org\/#organization"},"potentialAction":[{"@type":"SearchAction","target":{"@type":"EntryPoint","urlTemplate":"https:\/\/rilindja-gjelber.org\/?s={search_term_string}"},"query-input":{"@type":"PropertyValueSpecification","valueRequired":true,"valueName":"search_term_string"}}],"inLanguage":"en-US"},{"@type":"Organization","@id":"https:\/\/rilindja-gjelber.org\/#organization","name":"Rilindja Gjelb\u00ebr","url":"https:\/\/rilindja-gjelber.org\/","logo":{"@type":"ImageObject","inLanguage":"en-US","@id":"https:\/\/rilindja-gjelber.org\/#\/schema\/logo\/image\/","url":"https:\/\/i0.wp.com\/rilindja-gjelber.org\/wp-content\/uploads\/2024\/08\/rilindja-gjelber-horizontal-icon%402x.webp?fit=1829%2C617&ssl=1","contentUrl":"https:\/\/i0.wp.com\/rilindja-gjelber.org\/wp-content\/uploads\/2024\/08\/rilindja-gjelber-horizontal-icon%402x.webp?fit=1829%2C617&ssl=1","width":1829,"height":617,"caption":"Rilindja Gjelb\u00ebr"},"image":{"@id":"https:\/\/rilindja-gjelber.org\/#\/schema\/logo\/image\/"}}]}},"campaignId":"","jetpack_sharing_enabled":true,"_links":{"self":[{"href":"https:\/\/rilindja-gjelber.org\/en\/wp-json\/wp\/v2\/pages\/9751","targetHints":{"allow":["GET"]}}],"collection":[{"href":"https:\/\/rilindja-gjelber.org\/en\/wp-json\/wp\/v2\/pages"}],"about":[{"href":"https:\/\/rilindja-gjelber.org\/en\/wp-json\/wp\/v2\/types\/page"}],"author":[{"embeddable":true,"href":"https:\/\/rilindja-gjelber.org\/en\/wp-json\/wp\/v2\/users\/1"}],"replies":[{"embeddable":true,"href":"https:\/\/rilindja-gjelber.org\/en\/wp-json\/wp\/v2\/comments?post=9751"}],"version-history":[{"count":8,"href":"https:\/\/rilindja-gjelber.org\/en\/wp-json\/wp\/v2\/pages\/9751\/revisions"}],"predecessor-version":[{"id":10318,"href":"https:\/\/rilindja-gjelber.org\/en\/wp-json\/wp\/v2\/pages\/9751\/revisions\/10318"}],"wp:attachment":[{"href":"https:\/\/rilindja-gjelber.org\/en\/wp-json\/wp\/v2\/media?parent=9751"}],"curies":[{"name":"wp","href":"https:\/\/api.w.org\/{rel}","templated":true}]}}