{"id":732,"date":"2022-03-30T22:13:17","date_gmt":"2022-03-30T22:13:17","guid":{"rendered":"https:\/\/uca.ldipeja.org\/?page_id=732"},"modified":"2024-09-16T23:03:33","modified_gmt":"2024-09-16T23:03:33","slug":"united-for-clean-air-project","status":"publish","type":"page","link":"https:\/\/rilindja-gjelber.org\/en\/united-for-clean-air-project\/","title":{"rendered":"United for Clean Air Project"},"content":{"rendered":"<div data-elementor-type=\"wp-page\" data-elementor-id=\"732\" class=\"elementor elementor-732\" data-elementor-post-type=\"page\">\n\t\t\t\t<div class=\"elementor-element elementor-element-830b482 e-flex e-con-boxed e-con e-parent\" data-id=\"830b482\" data-element_type=\"container\" data-e-type=\"container\">\n\t\t\t\t\t<div class=\"e-con-inner\">\n\t\t\t\t<div class=\"elementor-element elementor-element-a7dd5b2 elementor--h-position-left elementor--v-position-middle elementor-pagination-position-inside elementor-widget elementor-widget-slides\" data-id=\"a7dd5b2\" data-element_type=\"widget\" data-e-type=\"widget\" data-settings=\"{&quot;navigation&quot;:&quot;dots&quot;,&quot;autoplay&quot;:&quot;yes&quot;,&quot;pause_on_hover&quot;:&quot;yes&quot;,&quot;pause_on_interaction&quot;:&quot;yes&quot;,&quot;autoplay_speed&quot;:5000,&quot;infinite&quot;:&quot;yes&quot;,&quot;transition&quot;:&quot;slide&quot;,&quot;transition_speed&quot;:500}\" data-widget_type=\"slides.default\">\n\t\t\t\t\t\t\t\t\t\t<div class=\"elementor-slides-wrapper elementor-main-swiper swiper\" role=\"region\" aria-roledescription=\"carousel\" aria-label=\"Slides\" dir=\"ltr\" data-animation=\"fadeInLeft\">\n\t\t\t\t<div class=\"swiper-wrapper elementor-slides\">\n\t\t\t\t\t\t\t\t\t\t<div class=\"elementor-repeater-item-08df632 swiper-slide\" role=\"group\" aria-roledescription=\"slide\"><div class=\"swiper-slide-bg\" role=\"img\" aria-label=\"website-hero\"><\/div><a class=\"swiper-slide-inner\" href=\"https:\/\/rilindja-gjelber.org\/en\/\"><div class=\"swiper-slide-contents\"><div class=\"elementor-slide-heading\">United for Clean Air<\/div><div class=\"elementor-slide-description\">Rilindja Gjelb\u00ebr in Action<\/div><div  class=\"elementor-button elementor-slide-button elementor-size-sm\">More<\/div><\/div><\/a><\/div><div class=\"elementor-repeater-item-e1b6220 swiper-slide\" role=\"group\" aria-roledescription=\"slide\"><div class=\"swiper-slide-bg\" role=\"img\" aria-label=\"7\"><\/div><div class=\"elementor-background-overlay\"><\/div><a class=\"swiper-slide-inner\" href=\"https:\/\/uca.ldipeja.org\/?page_id=1131\"><div class=\"swiper-slide-contents\"><div class=\"elementor-slide-heading\">United for Clean Air<\/div><div class=\"elementor-slide-description\">Check live air quality measurements<\/div><div  class=\"elementor-button elementor-slide-button elementor-size-sm\">More<\/div><\/div><\/a><\/div>\t\t\t\t<\/div>\n\t\t\t\t\t\t\t\t\t\t\t\t\t\t\t\t\t\t\t\t<div class=\"swiper-pagination\"><\/div>\n\t\t\t\t\t\t\t\t\t\t\t\t<\/div>\n\t\t\t\t\t\t\t\t<\/div>\n\t\t\t\t\t<\/div>\n\t\t\t\t<\/div>\n\t\t<div class=\"elementor-element elementor-element-0d1837c e-flex e-con-boxed e-con e-parent\" data-id=\"0d1837c\" data-element_type=\"container\" data-e-type=\"container\">\n\t\t\t\t\t<div class=\"e-con-inner\">\n\t\t<div class=\"elementor-element elementor-element-68ec8ef e-flex e-con-boxed e-con e-child\" data-id=\"68ec8ef\" data-element_type=\"container\" data-e-type=\"container\">\n\t\t\t\t\t<div class=\"e-con-inner\">\n\t\t\t\t<div class=\"elementor-element elementor-element-fbc718e elementor-widget elementor-widget-heading\" data-id=\"fbc718e\" data-element_type=\"widget\" data-e-type=\"widget\" data-widget_type=\"heading.default\">\n\t\t\t\t\t<h2 class=\"elementor-heading-title elementor-size-default\">About the project<\/h2>\t\t\t\t<\/div>\n\t\t\t\t<div class=\"elementor-element elementor-element-3922c51 elementor-widget elementor-widget-text-editor\" data-id=\"3922c51\" data-element_type=\"widget\" data-e-type=\"widget\" data-widget_type=\"text-editor.default\">\n\t\t\t\t\t\t\t\t\t<p><span style=\"font-weight: 400;\">The &#8220;United for Clean Air&#8221; project aimed to provide citizens with a voice in promoting public sector reforms for improved air quality. Through community-led monitoring of air quality, data analysis, and concrete advocacy initiatives, the project aimed to support a long-term commitment to addressing this pressing issue.<\/span><\/p>\t\t\t\t\t\t\t\t<\/div>\n\t\t\t\t\t<\/div>\n\t\t\t\t<\/div>\n\t\t<div class=\"elementor-element elementor-element-fac9e30 e-flex e-con-boxed e-con e-child\" data-id=\"fac9e30\" data-element_type=\"container\" data-e-type=\"container\">\n\t\t\t\t\t<div class=\"e-con-inner\">\n\t\t\t\t<div class=\"elementor-element elementor-element-9f9022b elementor-widget elementor-widget-image\" data-id=\"9f9022b\" data-element_type=\"widget\" data-e-type=\"widget\" data-widget_type=\"image.default\">\n\t\t\t\t\t\t\t\t\t\t\t\t\t\t\t<img fetchpriority=\"high\" decoding=\"async\" width=\"2560\" height=\"1707\" src=\"https:\/\/i0.wp.com\/rilindja-gjelber.org\/wp-content\/uploads\/2023\/02\/5-scaled-1.jpg?fit=2560%2C1707&amp;ssl=1\" class=\"attachment-full size-full wp-image-1276\" alt=\"\" srcset=\"https:\/\/i0.wp.com\/rilindja-gjelber.org\/wp-content\/uploads\/2023\/02\/5-scaled-1.jpg?w=2560&amp;ssl=1 2560w, https:\/\/i0.wp.com\/rilindja-gjelber.org\/wp-content\/uploads\/2023\/02\/5-scaled-1.jpg?resize=300%2C200&amp;ssl=1 300w, https:\/\/i0.wp.com\/rilindja-gjelber.org\/wp-content\/uploads\/2023\/02\/5-scaled-1.jpg?resize=1024%2C683&amp;ssl=1 1024w, https:\/\/i0.wp.com\/rilindja-gjelber.org\/wp-content\/uploads\/2023\/02\/5-scaled-1.jpg?resize=768%2C512&amp;ssl=1 768w, https:\/\/i0.wp.com\/rilindja-gjelber.org\/wp-content\/uploads\/2023\/02\/5-scaled-1.jpg?resize=1536%2C1024&amp;ssl=1 1536w, https:\/\/i0.wp.com\/rilindja-gjelber.org\/wp-content\/uploads\/2023\/02\/5-scaled-1.jpg?resize=2048%2C1366&amp;ssl=1 2048w, https:\/\/i0.wp.com\/rilindja-gjelber.org\/wp-content\/uploads\/2023\/02\/5-scaled-1.jpg?resize=18%2C12&amp;ssl=1 18w, https:\/\/i0.wp.com\/rilindja-gjelber.org\/wp-content\/uploads\/2023\/02\/5-scaled-1.jpg?w=1600&amp;ssl=1 1600w, https:\/\/i0.wp.com\/rilindja-gjelber.org\/wp-content\/uploads\/2023\/02\/5-scaled-1.jpg?w=2400&amp;ssl=1 2400w\" sizes=\"(max-width: 800px) 100vw, 800px\" \/>\t\t\t\t\t\t\t\t\t\t\t\t\t\t\t<\/div>\n\t\t\t\t\t<\/div>\n\t\t\t\t<\/div>\n\t\t\t\t\t<\/div>\n\t\t\t\t<\/div>\n\t\t<div class=\"elementor-element elementor-element-801840a e-flex e-con-boxed e-con e-parent\" data-id=\"801840a\" data-element_type=\"container\" data-e-type=\"container\">\n\t\t\t\t\t<div class=\"e-con-inner\">\n\t\t<div class=\"elementor-element elementor-element-cc5f3b7 e-con-full e-flex e-con e-child\" data-id=\"cc5f3b7\" data-element_type=\"container\" data-e-type=\"container\">\n\t\t\t\t<div class=\"elementor-element elementor-element-ff0868c elementor-widget elementor-widget-heading\" data-id=\"ff0868c\" data-element_type=\"widget\" data-e-type=\"widget\" data-widget_type=\"heading.default\">\n\t\t\t\t\t<h3 class=\"elementor-heading-title elementor-size-default\">Live Air Quality Peja<\/h3>\t\t\t\t<\/div>\n\t\t\t\t<div class=\"elementor-element elementor-element-e733ca9 elementor-align-center elementor-widget elementor-widget-button\" data-id=\"e733ca9\" data-element_type=\"widget\" data-e-type=\"widget\" data-widget_type=\"button.default\">\n\t\t\t\t\t\t\t\t\t\t<a class=\"elementor-button elementor-button-link elementor-size-sm\" href=\"https:\/\/rilindja-gjelber.org\/en\/united-for-clean-air-gjakova-2\/\">\n\t\t\t\t\t\t<span class=\"elementor-button-content-wrapper\">\n\t\t\t\t\t\t\t\t\t<span class=\"elementor-button-text\">Check now<\/span>\n\t\t\t\t\t<\/span>\n\t\t\t\t\t<\/a>\n\t\t\t\t\t\t\t\t<\/div>\n\t\t\t\t<\/div>\n\t\t\t\t\t<\/div>\n\t\t\t\t<\/div>\n\t\t<div class=\"elementor-element elementor-element-9863b9f e-flex e-con-boxed e-con e-parent\" data-id=\"9863b9f\" data-element_type=\"container\" data-e-type=\"container\">\n\t\t\t\t\t<div class=\"e-con-inner\">\n\t\t<div class=\"elementor-element elementor-element-2112fb9 e-flex e-con-boxed e-con e-child\" data-id=\"2112fb9\" data-element_type=\"container\" data-e-type=\"container\">\n\t\t\t\t\t<div class=\"e-con-inner\">\n\t\t\t\t<div class=\"elementor-element elementor-element-f447060 elementor-widget elementor-widget-image\" data-id=\"f447060\" data-element_type=\"widget\" data-e-type=\"widget\" data-widget_type=\"image.default\">\n\t\t\t\t\t\t\t\t\t\t\t\t\t\t\t<img decoding=\"async\" width=\"2400\" height=\"1600\" src=\"https:\/\/i0.wp.com\/rilindja-gjelber.org\/wp-content\/uploads\/2023\/02\/1.jpg?fit=2400%2C1600&amp;ssl=1\" class=\"attachment-full size-full wp-image-1272\" alt=\"\" srcset=\"https:\/\/i0.wp.com\/rilindja-gjelber.org\/wp-content\/uploads\/2023\/02\/1.jpg?w=2400&amp;ssl=1 2400w, https:\/\/i0.wp.com\/rilindja-gjelber.org\/wp-content\/uploads\/2023\/02\/1.jpg?resize=300%2C200&amp;ssl=1 300w, https:\/\/i0.wp.com\/rilindja-gjelber.org\/wp-content\/uploads\/2023\/02\/1.jpg?resize=1024%2C683&amp;ssl=1 1024w, https:\/\/i0.wp.com\/rilindja-gjelber.org\/wp-content\/uploads\/2023\/02\/1.jpg?resize=768%2C512&amp;ssl=1 768w, https:\/\/i0.wp.com\/rilindja-gjelber.org\/wp-content\/uploads\/2023\/02\/1.jpg?resize=1536%2C1024&amp;ssl=1 1536w, https:\/\/i0.wp.com\/rilindja-gjelber.org\/wp-content\/uploads\/2023\/02\/1.jpg?resize=2048%2C1365&amp;ssl=1 2048w, https:\/\/i0.wp.com\/rilindja-gjelber.org\/wp-content\/uploads\/2023\/02\/1.jpg?resize=18%2C12&amp;ssl=1 18w, https:\/\/i0.wp.com\/rilindja-gjelber.org\/wp-content\/uploads\/2023\/02\/1.jpg?w=1600&amp;ssl=1 1600w\" sizes=\"(max-width: 800px) 100vw, 800px\" \/>\t\t\t\t\t\t\t\t\t\t\t\t\t\t\t<\/div>\n\t\t\t\t\t<\/div>\n\t\t\t\t<\/div>\n\t\t<div class=\"elementor-element elementor-element-a6b6b48 e-flex e-con-boxed e-con e-child\" data-id=\"a6b6b48\" data-element_type=\"container\" data-e-type=\"container\">\n\t\t\t\t\t<div class=\"e-con-inner\">\n\t\t\t\t<div class=\"elementor-element elementor-element-3ce57e0 elementor-widget elementor-widget-heading\" data-id=\"3ce57e0\" data-element_type=\"widget\" data-e-type=\"widget\" data-widget_type=\"heading.default\">\n\t\t\t\t\t<h2 class=\"elementor-heading-title elementor-size-default\">Mission and values<\/h2>\t\t\t\t<\/div>\n\t\t\t\t<div class=\"elementor-element elementor-element-d1d8b69 elementor-widget elementor-widget-text-editor\" data-id=\"d1d8b69\" data-element_type=\"widget\" data-e-type=\"widget\" data-widget_type=\"text-editor.default\">\n\t\t\t\t\t\t\t\t\t<p><span style=\"font-weight: 400;\">The &#8220;United for Clean Air&#8221; website served as a central hub for all project-related information, including data and results from the community-led monitoring. This information was made accessible to the public to promote transparency and accountability.<\/span><\/p>\t\t\t\t\t\t\t\t<\/div>\n\t\t\t\t\t<\/div>\n\t\t\t\t<\/div>\n\t\t\t\t\t<\/div>\n\t\t\t\t<\/div>\n\t\t<div class=\"elementor-element elementor-element-e244251 e-flex e-con-boxed e-con e-parent\" data-id=\"e244251\" data-element_type=\"container\" data-e-type=\"container\">\n\t\t\t\t\t<div class=\"e-con-inner\">\n\t\t<div class=\"elementor-element elementor-element-cd004d8 e-con-full e-flex e-con e-child\" data-id=\"cd004d8\" data-element_type=\"container\" data-e-type=\"container\">\n\t\t\t\t<div class=\"elementor-element elementor-element-c879e73 elementor-widget elementor-widget-heading\" data-id=\"c879e73\" data-element_type=\"widget\" data-e-type=\"widget\" data-widget_type=\"heading.default\">\n\t\t\t\t\t<h3 class=\"elementor-heading-title elementor-size-default\">Live Air Quality Gjakova<\/h3>\t\t\t\t<\/div>\n\t\t\t\t<div class=\"elementor-element elementor-element-de789d9 elementor-align-center elementor-widget elementor-widget-button\" data-id=\"de789d9\" data-element_type=\"widget\" data-e-type=\"widget\" data-widget_type=\"button.default\">\n\t\t\t\t\t\t\t\t\t\t<a class=\"elementor-button elementor-button-link elementor-size-sm\" href=\"https:\/\/rilindja-gjelber.org\/en\/united-for-clean-air-gjakova\/\">\n\t\t\t\t\t\t<span class=\"elementor-button-content-wrapper\">\n\t\t\t\t\t\t\t\t\t<span class=\"elementor-button-text\">Check now<\/span>\n\t\t\t\t\t<\/span>\n\t\t\t\t\t<\/a>\n\t\t\t\t\t\t\t\t<\/div>\n\t\t\t\t<\/div>\n\t\t\t\t\t<\/div>\n\t\t\t\t<\/div>\n\t\t<div class=\"elementor-element elementor-element-7e72f19 e-flex e-con-boxed e-con e-parent\" data-id=\"7e72f19\" data-element_type=\"container\" data-e-type=\"container\">\n\t\t\t\t\t<div class=\"e-con-inner\">\n\t\t<div class=\"elementor-element elementor-element-88d62ce e-flex e-con-boxed e-con e-child\" data-id=\"88d62ce\" data-element_type=\"container\" data-e-type=\"container\">\n\t\t\t\t\t<div class=\"e-con-inner\">\n\t\t\t\t<div class=\"elementor-element elementor-element-d388724 elementor-widget elementor-widget-heading\" data-id=\"d388724\" data-element_type=\"widget\" data-e-type=\"widget\" data-widget_type=\"heading.default\">\n\t\t\t\t\t<h2 class=\"elementor-heading-title elementor-size-default\">About Rilindja Gjelb\u00ebr<\/h2>\t\t\t\t<\/div>\n\t\t\t\t<div class=\"elementor-element elementor-element-1b9a108 elementor-widget elementor-widget-text-editor\" data-id=\"1b9a108\" data-element_type=\"widget\" data-e-type=\"widget\" data-widget_type=\"text-editor.default\">\n\t\t\t\t\t\t\t\t\t<p><span style=\"font-weight: 400;\">Let&#8217;s Do it Peja is a dynamic and dedicated organization that is committed to promoting eco-green initiatives, protecting nature, uniting the community, and making a big impact. Recognizing the importance of addressing air quality in Kosova, Let&#8217;s Do it Peja recently launched a project called &#8220;United for Clean Air&#8221;.<\/span><\/p>\t\t\t\t\t\t\t\t<\/div>\n\t\t\t\t<div class=\"elementor-element elementor-element-9cb2f86 elementor-align-left elementor-widget elementor-widget-button\" data-id=\"9cb2f86\" data-element_type=\"widget\" data-e-type=\"widget\" data-widget_type=\"button.default\">\n\t\t\t\t\t\t\t\t\t\t<a class=\"elementor-button elementor-button-link elementor-size-sm\" href=\"https:\/\/rilindja-gjelber.org\/en\/\">\n\t\t\t\t\t\t<span class=\"elementor-button-content-wrapper\">\n\t\t\t\t\t\t\t\t\t<span class=\"elementor-button-text\">Read more<\/span>\n\t\t\t\t\t<\/span>\n\t\t\t\t\t<\/a>\n\t\t\t\t\t\t\t\t<\/div>\n\t\t\t\t\t<\/div>\n\t\t\t\t<\/div>\n\t\t<div class=\"elementor-element elementor-element-dd1a422 e-flex e-con-boxed e-con e-child\" data-id=\"dd1a422\" data-element_type=\"container\" data-e-type=\"container\">\n\t\t\t\t\t<div class=\"e-con-inner\">\n\t\t\t\t<div class=\"elementor-element elementor-element-3aa729f elementor-widget elementor-widget-image\" data-id=\"3aa729f\" data-element_type=\"widget\" data-e-type=\"widget\" data-widget_type=\"image.default\">\n\t\t\t\t\t\t\t\t\t\t\t\t\t\t\t<img decoding=\"async\" width=\"2560\" height=\"1707\" src=\"https:\/\/i0.wp.com\/rilindja-gjelber.org\/wp-content\/uploads\/2023\/02\/4-scaled-1.jpg?fit=2560%2C1707&amp;ssl=1\" class=\"attachment-full size-full wp-image-1275\" alt=\"\" srcset=\"https:\/\/i0.wp.com\/rilindja-gjelber.org\/wp-content\/uploads\/2023\/02\/4-scaled-1.jpg?w=2560&amp;ssl=1 2560w, https:\/\/i0.wp.com\/rilindja-gjelber.org\/wp-content\/uploads\/2023\/02\/4-scaled-1.jpg?resize=300%2C200&amp;ssl=1 300w, https:\/\/i0.wp.com\/rilindja-gjelber.org\/wp-content\/uploads\/2023\/02\/4-scaled-1.jpg?resize=1024%2C683&amp;ssl=1 1024w, https:\/\/i0.wp.com\/rilindja-gjelber.org\/wp-content\/uploads\/2023\/02\/4-scaled-1.jpg?resize=768%2C512&amp;ssl=1 768w, https:\/\/i0.wp.com\/rilindja-gjelber.org\/wp-content\/uploads\/2023\/02\/4-scaled-1.jpg?resize=1536%2C1024&amp;ssl=1 1536w, https:\/\/i0.wp.com\/rilindja-gjelber.org\/wp-content\/uploads\/2023\/02\/4-scaled-1.jpg?resize=2048%2C1366&amp;ssl=1 2048w, https:\/\/i0.wp.com\/rilindja-gjelber.org\/wp-content\/uploads\/2023\/02\/4-scaled-1.jpg?resize=18%2C12&amp;ssl=1 18w, https:\/\/i0.wp.com\/rilindja-gjelber.org\/wp-content\/uploads\/2023\/02\/4-scaled-1.jpg?w=1600&amp;ssl=1 1600w, https:\/\/i0.wp.com\/rilindja-gjelber.org\/wp-content\/uploads\/2023\/02\/4-scaled-1.jpg?w=2400&amp;ssl=1 2400w\" sizes=\"(max-width: 800px) 100vw, 800px\" \/>\t\t\t\t\t\t\t\t\t\t\t\t\t\t\t<\/div>\n\t\t\t\t\t<\/div>\n\t\t\t\t<\/div>\n\t\t\t\t\t<\/div>\n\t\t\t\t<\/div>\n\t\t\t\t<\/div>","protected":false},"excerpt":{"rendered":"<p>United for Clean AirRilindja Gjelb\u00ebr in ActionMoreUnited for Clean AirCheck live air quality measurementsMore About the project The &#8220;United for Clean Air&#8221; project aimed to provide citizens with a voice in promoting public sector reforms for improved air quality. Through community-led monitoring of air quality, data analysis, and concrete advocacy initiatives, the project aimed to [&hellip;]<\/p>\n","protected":false},"author":1,"featured_media":0,"parent":0,"menu_order":0,"comment_status":"closed","ping_status":"closed","template":"elementor_header_footer","meta":{"_acf_changed":false,"give_campaign_id":0,"nf_dc_page":"","footnotes":""},"class_list":["post-732","page","type-page","status-publish","hentry"],"acf":[],"yoast_head":"<!-- This site is optimized with the Yoast SEO plugin v27.4 - https:\/\/yoast.com\/product\/yoast-seo-wordpress\/ -->\n<title>United for Clean Air Project - Rilindja Gjelb\u00ebr<\/title>\n<meta name=\"robots\" content=\"index, follow, max-snippet:-1, max-image-preview:large, max-video-preview:-1\" \/>\n<link rel=\"canonical\" href=\"https:\/\/rilindja-gjelber.org\/en\/united-for-clean-air-project\/\" \/>\n<meta property=\"og:locale\" content=\"en_US\" \/>\n<meta property=\"og:type\" content=\"article\" \/>\n<meta property=\"og:title\" content=\"United for Clean Air Project - Rilindja Gjelb\u00ebr\" \/>\n<meta property=\"og:description\" content=\"United for Clean AirRilindja Gjelb\u00ebr in ActionMoreUnited for Clean AirCheck live air quality measurementsMore About the project The &#8220;United for Clean Air&#8221; project aimed to provide citizens with a voice in promoting public sector reforms for improved air quality. Through community-led monitoring of air quality, data analysis, and concrete advocacy initiatives, the project aimed to [&hellip;]\" \/>\n<meta property=\"og:url\" content=\"https:\/\/rilindja-gjelber.org\/en\/united-for-clean-air-project\/\" \/>\n<meta property=\"og:site_name\" content=\"Rilindja Gjelb\u00ebr\" \/>\n<meta property=\"article:modified_time\" content=\"2024-09-16T23:03:33+00:00\" \/>\n<meta property=\"og:image\" content=\"https:\/\/rilindja-gjelber.org\/wp-content\/uploads\/2023\/02\/5-scaled-1.jpg\" \/>\n<meta name=\"twitter:card\" content=\"summary_large_image\" \/>\n<meta name=\"twitter:label1\" content=\"Est. reading time\" \/>\n\t<meta name=\"twitter:data1\" content=\"2 minutes\" \/>\n<script type=\"application\/ld+json\" class=\"yoast-schema-graph\">{\"@context\":\"https:\\\/\\\/schema.org\",\"@graph\":[{\"@type\":\"WebPage\",\"@id\":\"https:\\\/\\\/rilindja-gjelber.org\\\/united-for-clean-air-project\\\/\",\"url\":\"https:\\\/\\\/rilindja-gjelber.org\\\/united-for-clean-air-project\\\/\",\"name\":\"United for Clean Air Project - Rilindja Gjelb\u00ebr\",\"isPartOf\":{\"@id\":\"https:\\\/\\\/rilindja-gjelber.org\\\/#website\"},\"primaryImageOfPage\":{\"@id\":\"https:\\\/\\\/rilindja-gjelber.org\\\/united-for-clean-air-project\\\/#primaryimage\"},\"image\":{\"@id\":\"https:\\\/\\\/rilindja-gjelber.org\\\/united-for-clean-air-project\\\/#primaryimage\"},\"thumbnailUrl\":\"https:\\\/\\\/rilindja-gjelber.org\\\/wp-content\\\/uploads\\\/2023\\\/02\\\/5-scaled-1.jpg\",\"datePublished\":\"2022-03-30T22:13:17+00:00\",\"dateModified\":\"2024-09-16T23:03:33+00:00\",\"breadcrumb\":{\"@id\":\"https:\\\/\\\/rilindja-gjelber.org\\\/united-for-clean-air-project\\\/#breadcrumb\"},\"inLanguage\":\"en-US\",\"potentialAction\":[{\"@type\":\"ReadAction\",\"target\":[\"https:\\\/\\\/rilindja-gjelber.org\\\/united-for-clean-air-project\\\/\"]}]},{\"@type\":\"ImageObject\",\"inLanguage\":\"en-US\",\"@id\":\"https:\\\/\\\/rilindja-gjelber.org\\\/united-for-clean-air-project\\\/#primaryimage\",\"url\":\"https:\\\/\\\/rilindja-gjelber.org\\\/wp-content\\\/uploads\\\/2023\\\/02\\\/5-scaled-1.jpg\",\"contentUrl\":\"https:\\\/\\\/rilindja-gjelber.org\\\/wp-content\\\/uploads\\\/2023\\\/02\\\/5-scaled-1.jpg\"},{\"@type\":\"BreadcrumbList\",\"@id\":\"https:\\\/\\\/rilindja-gjelber.org\\\/united-for-clean-air-project\\\/#breadcrumb\",\"itemListElement\":[{\"@type\":\"ListItem\",\"position\":1,\"name\":\"Home\",\"item\":\"https:\\\/\\\/rilindja-gjelber.org\\\/\"},{\"@type\":\"ListItem\",\"position\":2,\"name\":\"United for Clean Air Project\"}]},{\"@type\":\"WebSite\",\"@id\":\"https:\\\/\\\/rilindja-gjelber.org\\\/#website\",\"url\":\"https:\\\/\\\/rilindja-gjelber.org\\\/\",\"name\":\"Rilindja Gjelb\u00ebr\",\"description\":\"Organizat\u00eb me fokus n\u00eb komunitet dhe mjedis\",\"publisher\":{\"@id\":\"https:\\\/\\\/rilindja-gjelber.org\\\/#organization\"},\"potentialAction\":[{\"@type\":\"SearchAction\",\"target\":{\"@type\":\"EntryPoint\",\"urlTemplate\":\"https:\\\/\\\/rilindja-gjelber.org\\\/?s={search_term_string}\"},\"query-input\":{\"@type\":\"PropertyValueSpecification\",\"valueRequired\":true,\"valueName\":\"search_term_string\"}}],\"inLanguage\":\"en-US\"},{\"@type\":\"Organization\",\"@id\":\"https:\\\/\\\/rilindja-gjelber.org\\\/#organization\",\"name\":\"Rilindja Gjelb\u00ebr\",\"url\":\"https:\\\/\\\/rilindja-gjelber.org\\\/\",\"logo\":{\"@type\":\"ImageObject\",\"inLanguage\":\"en-US\",\"@id\":\"https:\\\/\\\/rilindja-gjelber.org\\\/#\\\/schema\\\/logo\\\/image\\\/\",\"url\":\"https:\\\/\\\/i0.wp.com\\\/rilindja-gjelber.org\\\/wp-content\\\/uploads\\\/2024\\\/08\\\/rilindja-gjelber-horizontal-icon%402x.webp?fit=1829%2C617&ssl=1\",\"contentUrl\":\"https:\\\/\\\/i0.wp.com\\\/rilindja-gjelber.org\\\/wp-content\\\/uploads\\\/2024\\\/08\\\/rilindja-gjelber-horizontal-icon%402x.webp?fit=1829%2C617&ssl=1\",\"width\":1829,\"height\":617,\"caption\":\"Rilindja Gjelb\u00ebr\"},\"image\":{\"@id\":\"https:\\\/\\\/rilindja-gjelber.org\\\/#\\\/schema\\\/logo\\\/image\\\/\"}}]}<\/script>\n<!-- \/ Yoast SEO plugin. -->","yoast_head_json":{"title":"United for Clean Air Project - Rilindja Gjelb\u00ebr","robots":{"index":"index","follow":"follow","max-snippet":"max-snippet:-1","max-image-preview":"max-image-preview:large","max-video-preview":"max-video-preview:-1"},"canonical":"https:\/\/rilindja-gjelber.org\/en\/united-for-clean-air-project\/","og_locale":"en_US","og_type":"article","og_title":"United for Clean Air Project - Rilindja Gjelb\u00ebr","og_description":"United for Clean AirRilindja Gjelb\u00ebr in ActionMoreUnited for Clean AirCheck live air quality measurementsMore About the project The &#8220;United for Clean Air&#8221; project aimed to provide citizens with a voice in promoting public sector reforms for improved air quality. Through community-led monitoring of air quality, data analysis, and concrete advocacy initiatives, the project aimed to [&hellip;]","og_url":"https:\/\/rilindja-gjelber.org\/en\/united-for-clean-air-project\/","og_site_name":"Rilindja Gjelb\u00ebr","article_modified_time":"2024-09-16T23:03:33+00:00","og_image":[{"url":"https:\/\/rilindja-gjelber.org\/wp-content\/uploads\/2023\/02\/5-scaled-1.jpg","type":"","width":"","height":""}],"twitter_card":"summary_large_image","twitter_misc":{"Est. reading time":"2 minutes"},"schema":{"@context":"https:\/\/schema.org","@graph":[{"@type":"WebPage","@id":"https:\/\/rilindja-gjelber.org\/united-for-clean-air-project\/","url":"https:\/\/rilindja-gjelber.org\/united-for-clean-air-project\/","name":"United for Clean Air Project - Rilindja Gjelb\u00ebr","isPartOf":{"@id":"https:\/\/rilindja-gjelber.org\/#website"},"primaryImageOfPage":{"@id":"https:\/\/rilindja-gjelber.org\/united-for-clean-air-project\/#primaryimage"},"image":{"@id":"https:\/\/rilindja-gjelber.org\/united-for-clean-air-project\/#primaryimage"},"thumbnailUrl":"https:\/\/rilindja-gjelber.org\/wp-content\/uploads\/2023\/02\/5-scaled-1.jpg","datePublished":"2022-03-30T22:13:17+00:00","dateModified":"2024-09-16T23:03:33+00:00","breadcrumb":{"@id":"https:\/\/rilindja-gjelber.org\/united-for-clean-air-project\/#breadcrumb"},"inLanguage":"en-US","potentialAction":[{"@type":"ReadAction","target":["https:\/\/rilindja-gjelber.org\/united-for-clean-air-project\/"]}]},{"@type":"ImageObject","inLanguage":"en-US","@id":"https:\/\/rilindja-gjelber.org\/united-for-clean-air-project\/#primaryimage","url":"https:\/\/rilindja-gjelber.org\/wp-content\/uploads\/2023\/02\/5-scaled-1.jpg","contentUrl":"https:\/\/rilindja-gjelber.org\/wp-content\/uploads\/2023\/02\/5-scaled-1.jpg"},{"@type":"BreadcrumbList","@id":"https:\/\/rilindja-gjelber.org\/united-for-clean-air-project\/#breadcrumb","itemListElement":[{"@type":"ListItem","position":1,"name":"Home","item":"https:\/\/rilindja-gjelber.org\/"},{"@type":"ListItem","position":2,"name":"United for Clean Air Project"}]},{"@type":"WebSite","@id":"https:\/\/rilindja-gjelber.org\/#website","url":"https:\/\/rilindja-gjelber.org\/","name":"Rilindja Gjelb\u00ebr","description":"Organizat\u00eb me fokus n\u00eb komunitet dhe mjedis","publisher":{"@id":"https:\/\/rilindja-gjelber.org\/#organization"},"potentialAction":[{"@type":"SearchAction","target":{"@type":"EntryPoint","urlTemplate":"https:\/\/rilindja-gjelber.org\/?s={search_term_string}"},"query-input":{"@type":"PropertyValueSpecification","valueRequired":true,"valueName":"search_term_string"}}],"inLanguage":"en-US"},{"@type":"Organization","@id":"https:\/\/rilindja-gjelber.org\/#organization","name":"Rilindja Gjelb\u00ebr","url":"https:\/\/rilindja-gjelber.org\/","logo":{"@type":"ImageObject","inLanguage":"en-US","@id":"https:\/\/rilindja-gjelber.org\/#\/schema\/logo\/image\/","url":"https:\/\/i0.wp.com\/rilindja-gjelber.org\/wp-content\/uploads\/2024\/08\/rilindja-gjelber-horizontal-icon%402x.webp?fit=1829%2C617&ssl=1","contentUrl":"https:\/\/i0.wp.com\/rilindja-gjelber.org\/wp-content\/uploads\/2024\/08\/rilindja-gjelber-horizontal-icon%402x.webp?fit=1829%2C617&ssl=1","width":1829,"height":617,"caption":"Rilindja Gjelb\u00ebr"},"image":{"@id":"https:\/\/rilindja-gjelber.org\/#\/schema\/logo\/image\/"}}]}},"campaignId":"","jetpack_sharing_enabled":true,"_links":{"self":[{"href":"https:\/\/rilindja-gjelber.org\/en\/wp-json\/wp\/v2\/pages\/732","targetHints":{"allow":["GET"]}}],"collection":[{"href":"https:\/\/rilindja-gjelber.org\/en\/wp-json\/wp\/v2\/pages"}],"about":[{"href":"https:\/\/rilindja-gjelber.org\/en\/wp-json\/wp\/v2\/types\/page"}],"author":[{"embeddable":true,"href":"https:\/\/rilindja-gjelber.org\/en\/wp-json\/wp\/v2\/users\/1"}],"replies":[{"embeddable":true,"href":"https:\/\/rilindja-gjelber.org\/en\/wp-json\/wp\/v2\/comments?post=732"}],"version-history":[{"count":5,"href":"https:\/\/rilindja-gjelber.org\/en\/wp-json\/wp\/v2\/pages\/732\/revisions"}],"predecessor-version":[{"id":10113,"href":"https:\/\/rilindja-gjelber.org\/en\/wp-json\/wp\/v2\/pages\/732\/revisions\/10113"}],"wp:attachment":[{"href":"https:\/\/rilindja-gjelber.org\/en\/wp-json\/wp\/v2\/media?parent=732"}],"curies":[{"name":"wp","href":"https:\/\/api.w.org\/{rel}","templated":true}]}}